{"id":8,"date":"2019-07-31T21:28:36","date_gmt":"2019-08-01T00:28:36","guid":{"rendered":"https:\/\/i9vmconsult.com.br\/?page_id=8"},"modified":"2019-11-04T22:07:16","modified_gmt":"2019-11-05T01:07:16","slug":"inicio","status":"publish","type":"page","link":"https:\/\/www.i9vmconsult.com.br\/","title":{"rendered":"IN\u00cdCIO"},"content":{"rendered":"\t\t<div data-elementor-type=\"wp-post\" data-elementor-id=\"8\" class=\"elementor elementor-8\">\n\t\t\t\t\t\t\t\t\t<section class=\"elementor-section elementor-top-section elementor-element elementor-element-5c1b20c elementor-section-stretched elementor-section-height-full elementor-section-items-top elementor-hidden-tablet elementor-hidden-phone elementor-section-full_width elementor-section-height-default\" data-id=\"5c1b20c\" data-element_type=\"section\" data-settings=\"{&quot;stretch_section&quot;:&quot;section-stretched&quot;,&quot;background_background&quot;:&quot;classic&quot;}\">\n\t\t\t\t\t\t<div class=\"elementor-container elementor-column-gap-default\">\n\t\t\t\t\t<div class=\"elementor-column elementor-col-100 elementor-top-column elementor-element elementor-element-9b64791\" data-id=\"9b64791\" data-element_type=\"column\">\n\t\t\t<div class=\"elementor-widget-wrap elementor-element-populated\">\n\t\t\t\t\t\t\t\t<div class=\"elementor-element elementor-element-e32c120 elementor-widget elementor-widget-heading\" data-id=\"e32c120\" data-element_type=\"widget\" data-widget_type=\"heading.default\">\n\t\t\t\t<div class=\"elementor-widget-container\">\n\t\t\t<h2 class=\"elementor-heading-title elementor-size-default\">Ouse ir al\u00e9m...<\/h2>\t\t<\/div>\n\t\t\t\t<\/div>\n\t\t\t\t<div class=\"elementor-element elementor-element-490bb8a elementor-widget elementor-widget-heading\" data-id=\"490bb8a\" data-element_type=\"widget\" data-widget_type=\"heading.default\">\n\t\t\t\t<div class=\"elementor-widget-container\">\n\t\t\t<h2 class=\"elementor-heading-title elementor-size-default\">     Conhe\u00e7a a melhor estrat\u00e9gia comercial para o seu neg\u00f3cio<\/h2>\t\t<\/div>\n\t\t\t\t<\/div>\n\t\t\t\t<section class=\"elementor-section elementor-inner-section elementor-element elementor-element-a538d8d elementor-section-boxed elementor-section-height-default elementor-section-height-default\" data-id=\"a538d8d\" data-element_type=\"section\">\n\t\t\t\t\t\t<div class=\"elementor-container elementor-column-gap-default\">\n\t\t\t\t\t<div class=\"elementor-column elementor-col-50 elementor-inner-column elementor-element elementor-element-6937c82\" data-id=\"6937c82\" data-element_type=\"column\">\n\t\t\t<div class=\"elementor-widget-wrap elementor-element-populated\">\n\t\t\t\t\t\t\t\t<div class=\"elementor-element elementor-element-c70a562 elementor-widget elementor-widget-heading\" data-id=\"c70a562\" data-element_type=\"widget\" data-widget_type=\"heading.default\">\n\t\t\t\t<div class=\"elementor-widget-container\">\n\t\t\t<h2 class=\"elementor-heading-title elementor-size-medium\"><br><h2 style=\"margin-bottom: 20px; font-variant-ligatures: normal; font-variant-caps: normal; line-height: 1.4; font-family: Lato, sans-serif; font-size: 30px; font-style: normal; color: rgb(51, 51, 51); letter-spacing: 1.4px; white-space: normal;\">Oferecemos servi\u00e7os e solu\u00e7\u00f5es <br>para aprimorar o controle de sua organiza\u00e7\u00e3o e otimizar seus&nbsp;<br>processos de gest\u00e3o, visando&nbsp;<br>melhorar os resultados de pequenas<br>e m\u00e9dias empresas.<\/h2><\/h2>\t\t<\/div>\n\t\t\t\t<\/div>\n\t\t\t\t\t<\/div>\n\t\t<\/div>\n\t\t\t\t<div class=\"elementor-column elementor-col-50 elementor-inner-column elementor-element elementor-element-87216e9\" data-id=\"87216e9\" data-element_type=\"column\">\n\t\t\t<div class=\"elementor-widget-wrap elementor-element-populated\">\n\t\t\t\t\t\t\t\t<div class=\"elementor-element elementor-element-6ecf910 elementor-widget elementor-widget-image\" data-id=\"6ecf910\" data-element_type=\"widget\" data-widget_type=\"image.default\">\n\t\t\t\t<div class=\"elementor-widget-container\">\n\t\t\t\t\t\t\t\t\t\t\t\t\t\t\t<img loading=\"lazy\" decoding=\"async\" width=\"200\" height=\"300\" src=\"https:\/\/www.i9vmconsult.com.br\/wp-content\/uploads\/2019\/08\/Valerio1-200x300.jpeg\" class=\"attachment-medium size-medium wp-image-663\" alt=\"\" srcset=\"https:\/\/www.i9vmconsult.com.br\/wp-content\/uploads\/2019\/08\/Valerio1-200x300.jpeg 200w, https:\/\/www.i9vmconsult.com.br\/wp-content\/uploads\/2019\/08\/Valerio1-300x450.jpeg 300w, https:\/\/www.i9vmconsult.com.br\/wp-content\/uploads\/2019\/08\/Valerio1-600x900.jpeg 600w, https:\/\/www.i9vmconsult.com.br\/wp-content\/uploads\/2019\/08\/Valerio1-768x1152.jpeg 768w, https:\/\/www.i9vmconsult.com.br\/wp-content\/uploads\/2019\/08\/Valerio1-682x1024.jpeg 682w, https:\/\/www.i9vmconsult.com.br\/wp-content\/uploads\/2019\/08\/Valerio1.jpeg 853w\" sizes=\"auto, (max-width: 200px) 100vw, 200px\" \/>\t\t\t\t\t\t\t\t\t\t\t\t\t\t\t<\/div>\n\t\t\t\t<\/div>\n\t\t\t\t\t<\/div>\n\t\t<\/div>\n\t\t\t\t\t\t\t<\/div>\n\t\t<\/section>\n\t\t\t\t\t<\/div>\n\t\t<\/div>\n\t\t\t\t\t\t\t<\/div>\n\t\t<\/section>\n\t\t\t\t<section class=\"elementor-section elementor-top-section elementor-element elementor-element-96b1463 elementor-section-stretched elementor-section-height-full elementor-section-items-top elementor-hidden-phone elementor-section-full_width elementor-hidden-desktop elementor-section-height-default\" data-id=\"96b1463\" data-element_type=\"section\" data-settings=\"{&quot;stretch_section&quot;:&quot;section-stretched&quot;,&quot;background_background&quot;:&quot;classic&quot;}\">\n\t\t\t\t\t\t<div class=\"elementor-container elementor-column-gap-default\">\n\t\t\t\t\t<div class=\"elementor-column elementor-col-100 elementor-top-column elementor-element elementor-element-649c2ab\" data-id=\"649c2ab\" data-element_type=\"column\">\n\t\t\t<div class=\"elementor-widget-wrap elementor-element-populated\">\n\t\t\t\t\t\t\t\t<div class=\"elementor-element elementor-element-9e145ad elementor-widget elementor-widget-heading\" data-id=\"9e145ad\" data-element_type=\"widget\" data-widget_type=\"heading.default\">\n\t\t\t\t<div class=\"elementor-widget-container\">\n\t\t\t<h2 class=\"elementor-heading-title elementor-size-default\">Ouse ir al\u00e9m...<\/h2>\t\t<\/div>\n\t\t\t\t<\/div>\n\t\t\t\t<div class=\"elementor-element elementor-element-567a6f5 elementor-widget elementor-widget-heading\" data-id=\"567a6f5\" data-element_type=\"widget\" data-widget_type=\"heading.default\">\n\t\t\t\t<div class=\"elementor-widget-container\">\n\t\t\t<h2 class=\"elementor-heading-title elementor-size-default\">Conhe\u00e7a a melhor estrat\u00e9gia comercial para o seu neg\u00f3cio<\/h2>\t\t<\/div>\n\t\t\t\t<\/div>\n\t\t\t\t<section class=\"elementor-section elementor-inner-section elementor-element elementor-element-0ce6198 elementor-section-boxed elementor-section-height-default elementor-section-height-default\" data-id=\"0ce6198\" data-element_type=\"section\">\n\t\t\t\t\t\t<div class=\"elementor-container elementor-column-gap-default\">\n\t\t\t\t\t<div class=\"elementor-column elementor-col-50 elementor-inner-column elementor-element elementor-element-8dd195a\" data-id=\"8dd195a\" data-element_type=\"column\">\n\t\t\t<div class=\"elementor-widget-wrap elementor-element-populated\">\n\t\t\t\t\t\t\t\t<div class=\"elementor-element elementor-element-7bd39ff elementor-widget elementor-widget-heading\" data-id=\"7bd39ff\" data-element_type=\"widget\" data-widget_type=\"heading.default\">\n\t\t\t\t<div class=\"elementor-widget-container\">\n\t\t\t<h2 class=\"elementor-heading-title elementor-size-medium\"><br><h2 style=\"margin-bottom: 20px; font-variant-ligatures: normal; font-variant-caps: normal; line-height: 1.4; font-family: Lato, sans-serif; font-size: 26px; font-style: normal; color: rgb(51, 51, 51); letter-spacing: 1.4px; white-space: normal;\"> <br>Oferecemos servi\u00e7os e solu\u00e7\u00f5es <br>para aprimorar o controle de sua <br> organiza\u00e7\u00e3o e otimizar seus&nbsp;<br>processos de gest\u00e3o, visando&nbsp;<br>melhorar os resultados de <br> pequenas e m\u00e9dias empresas.<\/h2><\/h2>\t\t<\/div>\n\t\t\t\t<\/div>\n\t\t\t\t\t<\/div>\n\t\t<\/div>\n\t\t\t\t<div class=\"elementor-column elementor-col-50 elementor-inner-column elementor-element elementor-element-942b8ec\" data-id=\"942b8ec\" data-element_type=\"column\">\n\t\t\t<div class=\"elementor-widget-wrap elementor-element-populated\">\n\t\t\t\t\t\t\t\t<div class=\"elementor-element elementor-element-16bb41f elementor-widget elementor-widget-image\" data-id=\"16bb41f\" data-element_type=\"widget\" data-widget_type=\"image.default\">\n\t\t\t\t<div class=\"elementor-widget-container\">\n\t\t\t\t\t\t\t\t\t\t\t\t\t\t\t<img loading=\"lazy\" decoding=\"async\" width=\"200\" height=\"300\" src=\"https:\/\/www.i9vmconsult.com.br\/wp-content\/uploads\/2019\/08\/Valerio1-200x300.jpeg\" class=\"attachment-medium size-medium wp-image-663\" alt=\"\" srcset=\"https:\/\/www.i9vmconsult.com.br\/wp-content\/uploads\/2019\/08\/Valerio1-200x300.jpeg 200w, https:\/\/www.i9vmconsult.com.br\/wp-content\/uploads\/2019\/08\/Valerio1-300x450.jpeg 300w, https:\/\/www.i9vmconsult.com.br\/wp-content\/uploads\/2019\/08\/Valerio1-600x900.jpeg 600w, https:\/\/www.i9vmconsult.com.br\/wp-content\/uploads\/2019\/08\/Valerio1-768x1152.jpeg 768w, https:\/\/www.i9vmconsult.com.br\/wp-content\/uploads\/2019\/08\/Valerio1-682x1024.jpeg 682w, https:\/\/www.i9vmconsult.com.br\/wp-content\/uploads\/2019\/08\/Valerio1.jpeg 853w\" sizes=\"auto, (max-width: 200px) 100vw, 200px\" \/>\t\t\t\t\t\t\t\t\t\t\t\t\t\t\t<\/div>\n\t\t\t\t<\/div>\n\t\t\t\t\t<\/div>\n\t\t<\/div>\n\t\t\t\t\t\t\t<\/div>\n\t\t<\/section>\n\t\t\t\t\t<\/div>\n\t\t<\/div>\n\t\t\t\t\t\t\t<\/div>\n\t\t<\/section>\n\t\t\t\t<section class=\"elementor-section elementor-top-section elementor-element elementor-element-9a1e297 elementor-section-stretched elementor-section-height-full elementor-section-items-top elementor-hidden-tablet elementor-section-full_width elementor-hidden-desktop elementor-section-height-default\" data-id=\"9a1e297\" data-element_type=\"section\" data-settings=\"{&quot;stretch_section&quot;:&quot;section-stretched&quot;,&quot;background_background&quot;:&quot;classic&quot;}\">\n\t\t\t\t\t\t<div class=\"elementor-container elementor-column-gap-default\">\n\t\t\t\t\t<div class=\"elementor-column elementor-col-100 elementor-top-column elementor-element elementor-element-36ca64f\" data-id=\"36ca64f\" data-element_type=\"column\">\n\t\t\t<div class=\"elementor-widget-wrap elementor-element-populated\">\n\t\t\t\t\t\t\t\t<div class=\"elementor-element elementor-element-7ab9d3a elementor-widget elementor-widget-heading\" data-id=\"7ab9d3a\" data-element_type=\"widget\" data-widget_type=\"heading.default\">\n\t\t\t\t<div class=\"elementor-widget-container\">\n\t\t\t<h2 class=\"elementor-heading-title elementor-size-default\"><br><h2 style=\"margin-bottom: 20px; font-variant-ligatures: normal; font-variant-caps: normal; line-height: 1.4; font-family: Lato, sans-serif; font-size: 40px; font-style: bold; color: rgb(51, 51, 51); letter-spacing: 1.4px; white-space: normal;\">Ouse ir Al\u00e9m...<\/h2><\/h2>\t\t<\/div>\n\t\t\t\t<\/div>\n\t\t\t\t<div class=\"elementor-element elementor-element-de2ff32 elementor-widget elementor-widget-heading\" data-id=\"de2ff32\" data-element_type=\"widget\" data-widget_type=\"heading.default\">\n\t\t\t\t<div class=\"elementor-widget-container\">\n\t\t\t<h2 class=\"elementor-heading-title elementor-size-default\">Conhe\u00e7a a melhor estrat\u00e9gia comercial para o seu neg\u00f3cio<\/h2>\t\t<\/div>\n\t\t\t\t<\/div>\n\t\t\t\t<section class=\"elementor-section elementor-inner-section elementor-element elementor-element-7e691bb elementor-section-boxed elementor-section-height-default elementor-section-height-default\" data-id=\"7e691bb\" data-element_type=\"section\">\n\t\t\t\t\t\t<div class=\"elementor-container elementor-column-gap-default\">\n\t\t\t\t\t<div class=\"elementor-column elementor-col-50 elementor-inner-column elementor-element elementor-element-74aefba\" data-id=\"74aefba\" data-element_type=\"column\">\n\t\t\t<div class=\"elementor-widget-wrap elementor-element-populated\">\n\t\t\t\t\t\t\t\t<div class=\"elementor-element elementor-element-7d75c8e elementor-widget elementor-widget-heading\" data-id=\"7d75c8e\" data-element_type=\"widget\" data-widget_type=\"heading.default\">\n\t\t\t\t<div class=\"elementor-widget-container\">\n\t\t\t<h2 class=\"elementor-heading-title elementor-size-medium\"><br><h2 style=\"margin-bottom: 20px; font-variant-ligatures: normal; font-variant-caps: normal; line-height: 1.4; font-family: Lato, sans-serif; font-size: 20px; font-style: normal; color: rgb(51, 51, 51); letter-spacing: 1.4px; white-space: normal;\">Oferecemos servi\u00e7os e solu\u00e7\u00f5es para aprimorar o controle de sua organiza\u00e7\u00e3o e otimizar seus&nbsp; processos de gest\u00e3o, visando&nbsp; melhorar os resultados de pequenas e m\u00e9dias empresas.<\/h2><\/h2>\t\t<\/div>\n\t\t\t\t<\/div>\n\t\t\t\t\t<\/div>\n\t\t<\/div>\n\t\t\t\t<div class=\"elementor-column elementor-col-50 elementor-inner-column elementor-element elementor-element-97bb0d3\" data-id=\"97bb0d3\" data-element_type=\"column\">\n\t\t\t<div class=\"elementor-widget-wrap elementor-element-populated\">\n\t\t\t\t\t\t\t\t<div class=\"elementor-element elementor-element-d14fe27 elementor-widget elementor-widget-image\" data-id=\"d14fe27\" data-element_type=\"widget\" data-widget_type=\"image.default\">\n\t\t\t\t<div class=\"elementor-widget-container\">\n\t\t\t\t\t\t\t\t\t\t\t\t\t\t\t<img loading=\"lazy\" decoding=\"async\" width=\"200\" height=\"300\" src=\"https:\/\/www.i9vmconsult.com.br\/wp-content\/uploads\/2019\/08\/Valerio1-200x300.jpeg\" class=\"attachment-medium size-medium wp-image-663\" alt=\"\" srcset=\"https:\/\/www.i9vmconsult.com.br\/wp-content\/uploads\/2019\/08\/Valerio1-200x300.jpeg 200w, https:\/\/www.i9vmconsult.com.br\/wp-content\/uploads\/2019\/08\/Valerio1-300x450.jpeg 300w, https:\/\/www.i9vmconsult.com.br\/wp-content\/uploads\/2019\/08\/Valerio1-600x900.jpeg 600w, https:\/\/www.i9vmconsult.com.br\/wp-content\/uploads\/2019\/08\/Valerio1-768x1152.jpeg 768w, https:\/\/www.i9vmconsult.com.br\/wp-content\/uploads\/2019\/08\/Valerio1-682x1024.jpeg 682w, https:\/\/www.i9vmconsult.com.br\/wp-content\/uploads\/2019\/08\/Valerio1.jpeg 853w\" sizes=\"auto, (max-width: 200px) 100vw, 200px\" \/>\t\t\t\t\t\t\t\t\t\t\t\t\t\t\t<\/div>\n\t\t\t\t<\/div>\n\t\t\t\t\t<\/div>\n\t\t<\/div>\n\t\t\t\t\t\t\t<\/div>\n\t\t<\/section>\n\t\t\t\t\t<\/div>\n\t\t<\/div>\n\t\t\t\t\t\t\t<\/div>\n\t\t<\/section>\n\t\t\t\t<section class=\"elementor-section elementor-top-section elementor-element elementor-element-3b58816 elementor-section-stretched elementor-section-boxed elementor-section-height-default elementor-section-height-default\" data-id=\"3b58816\" data-element_type=\"section\" data-settings=\"{&quot;stretch_section&quot;:&quot;section-stretched&quot;,&quot;background_background&quot;:&quot;classic&quot;}\">\n\t\t\t\t\t\t<div class=\"elementor-container elementor-column-gap-default\">\n\t\t\t\t\t<div class=\"elementor-column elementor-col-100 elementor-top-column elementor-element elementor-element-278ca29\" data-id=\"278ca29\" data-element_type=\"column\" data-settings=\"{&quot;background_background&quot;:&quot;classic&quot;}\">\n\t\t\t<div class=\"elementor-widget-wrap elementor-element-populated\">\n\t\t\t\t\t\t\t\t<div class=\"elementor-element elementor-element-b0e1455 elementor-widget elementor-widget-text-editor\" data-id=\"b0e1455\" data-element_type=\"widget\" data-widget_type=\"text-editor.default\">\n\t\t\t\t<div class=\"elementor-widget-container\">\n\t\t\t\t\t\t\t<p style=\"text-align: center;\"><span style=\"color: #000000;\">\u200b<span style=\"color: #ff9900;\">Ecommerce B2B<\/span><br \/><span style=\"color: #ffffff;\">Somente para clientes lojistas com CNPJ &#8211; fa\u00e7a seu cadastro para ter acesso.<\/span><br \/><\/span><\/p>\t\t\t\t\t\t<\/div>\n\t\t\t\t<\/div>\n\t\t\t\t\t<\/div>\n\t\t<\/div>\n\t\t\t\t\t\t\t<\/div>\n\t\t<\/section>\n\t\t\t\t<section class=\"elementor-section elementor-top-section elementor-element elementor-element-394427f elementor-section-stretched elementor-section-boxed elementor-section-height-default elementor-section-height-default\" data-id=\"394427f\" data-element_type=\"section\" data-settings=\"{&quot;background_background&quot;:&quot;classic&quot;,&quot;stretch_section&quot;:&quot;section-stretched&quot;}\">\n\t\t\t\t\t\t<div class=\"elementor-container elementor-column-gap-default\">\n\t\t\t\t\t<div class=\"elementor-column elementor-col-100 elementor-top-column elementor-element elementor-element-b3d8db8\" data-id=\"b3d8db8\" data-element_type=\"column\" data-settings=\"{&quot;background_background&quot;:&quot;classic&quot;}\">\n\t\t\t<div class=\"elementor-widget-wrap elementor-element-populated\">\n\t\t\t\t\t\t\t\t<div class=\"elementor-element elementor-element-cc1a650 elementor-shape-rounded elementor-grid-0 e-grid-align-center elementor-widget elementor-widget-social-icons\" data-id=\"cc1a650\" data-element_type=\"widget\" data-widget_type=\"social-icons.default\">\n\t\t\t\t<div class=\"elementor-widget-container\">\n\t\t\t\t\t<div class=\"elementor-social-icons-wrapper elementor-grid\">\n\t\t\t\t\t\t\t<span class=\"elementor-grid-item\">\n\t\t\t\t\t<a class=\"elementor-icon elementor-social-icon elementor-social-icon-facebook elementor-repeater-item-c7b4bee\" href=\"https:\/\/www.facebook.com\/i9vmconsult\/\" target=\"_blank\">\n\t\t\t\t\t\t<span class=\"elementor-screen-only\">Facebook<\/span>\n\t\t\t\t\t\t<i class=\"fab fa-facebook\"><\/i>\t\t\t\t\t<\/a>\n\t\t\t\t<\/span>\n\t\t\t\t\t\t\t<span class=\"elementor-grid-item\">\n\t\t\t\t\t<a class=\"elementor-icon elementor-social-icon elementor-social-icon-twitter elementor-repeater-item-19d7be2\" href=\"https:\/\/twitter.com\/valeriosilva\" target=\"_blank\">\n\t\t\t\t\t\t<span class=\"elementor-screen-only\">Twitter<\/span>\n\t\t\t\t\t\t<i class=\"fab fa-twitter\"><\/i>\t\t\t\t\t<\/a>\n\t\t\t\t<\/span>\n\t\t\t\t\t\t\t<span class=\"elementor-grid-item\">\n\t\t\t\t\t<a class=\"elementor-icon elementor-social-icon elementor-social-icon-pinterest elementor-repeater-item-eb574e2\" href=\"https:\/\/br.pinterest.com\/valeriomoreirasilva\/\" target=\"_blank\">\n\t\t\t\t\t\t<span class=\"elementor-screen-only\">Pinterest<\/span>\n\t\t\t\t\t\t<i class=\"fab fa-pinterest\"><\/i>\t\t\t\t\t<\/a>\n\t\t\t\t<\/span>\n\t\t\t\t\t\t\t<span class=\"elementor-grid-item\">\n\t\t\t\t\t<a class=\"elementor-icon elementor-social-icon elementor-social-icon-instagram elementor-repeater-item-bad6109\" href=\"https:\/\/www.instagram.com\/i9vmconsult\/\" target=\"_blank\">\n\t\t\t\t\t\t<span class=\"elementor-screen-only\">Instagram<\/span>\n\t\t\t\t\t\t<i class=\"fab fa-instagram\"><\/i>\t\t\t\t\t<\/a>\n\t\t\t\t<\/span>\n\t\t\t\t\t<\/div>\n\t\t\t\t<\/div>\n\t\t\t\t<\/div>\n\t\t\t\t<div class=\"elementor-element elementor-element-1ae5975 elementor-widget elementor-widget-text-editor\" data-id=\"1ae5975\" data-element_type=\"widget\" data-widget_type=\"text-editor.default\">\n\t\t\t\t<div class=\"elementor-widget-container\">\n\t\t\t\t\t\t\t<p style=\"text-align: center;\"><span style=\"color: #ffffff;\"><a style=\"color: #ffffff;\" href=\"\/politica-de-privacidade\">Pol\u00edtica de Privacidade<\/a>\u00a0 \u00a0 |\u00a0 \u00a0 <a style=\"color: #ffffff;\" href=\"\/termos-e-condicoes\">Termos e Condi\u00e7\u00f5es<\/a><\/span><\/p>\t\t\t\t\t\t<\/div>\n\t\t\t\t<\/div>\n\t\t\t\t<div class=\"elementor-element elementor-element-b8fd864 elementor-widget elementor-widget-text-editor\" data-id=\"b8fd864\" data-element_type=\"widget\" data-widget_type=\"text-editor.default\">\n\t\t\t\t<div class=\"elementor-widget-container\">\n\t\t\t\t\t\t\t<p style=\"text-align: center;\"><span style=\"color: #ffffff;\">\u00a9 2019 &#8211; I9VMCONSULT<\/span><\/p>\t\t\t\t\t\t<\/div>\n\t\t\t\t<\/div>\n\t\t\t\t\t<\/div>\n\t\t<\/div>\n\t\t\t\t\t\t\t<\/div>\n\t\t<\/section>\n\t\t\t\t\t\t\t<\/div>\n\t\t","protected":false},"excerpt":{"rendered":"<p>Ouse ir al\u00e9m&#8230; Conhe\u00e7a a melhor estrat\u00e9gia comercial para o seu neg\u00f3cio Oferecemos servi\u00e7os e solu\u00e7\u00f5es para aprimorar o controle&hellip;<\/p>\n","protected":false},"author":1,"featured_media":0,"parent":0,"menu_order":0,"comment_status":"closed","ping_status":"closed","template":"","meta":{"_acf_changed":false,"sfsi_plus_gutenberg_text_before_share":"","sfsi_plus_gutenberg_show_text_before_share":"","sfsi_plus_gutenberg_icon_type":"","sfsi_plus_gutenberg_icon_alignemt":"","sfsi_plus_gutenburg_max_per_row":"","_mi_skip_tracking":false,"_exactmetrics_sitenote_active":false,"_exactmetrics_sitenote_note":"","_exactmetrics_sitenote_category":0,"footnotes":""},"class_list":["post-8","page","type-page","status-publish","hentry"],"acf":[],"_links":{"self":[{"href":"https:\/\/www.i9vmconsult.com.br\/index.php?rest_route=\/wp\/v2\/pages\/8","targetHints":{"allow":["GET"]}}],"collection":[{"href":"https:\/\/www.i9vmconsult.com.br\/index.php?rest_route=\/wp\/v2\/pages"}],"about":[{"href":"https:\/\/www.i9vmconsult.com.br\/index.php?rest_route=\/wp\/v2\/types\/page"}],"author":[{"embeddable":true,"href":"https:\/\/www.i9vmconsult.com.br\/index.php?rest_route=\/wp\/v2\/users\/1"}],"replies":[{"embeddable":true,"href":"https:\/\/www.i9vmconsult.com.br\/index.php?rest_route=%2Fwp%2Fv2%2Fcomments&post=8"}],"version-history":[{"count":86,"href":"https:\/\/www.i9vmconsult.com.br\/index.php?rest_route=\/wp\/v2\/pages\/8\/revisions"}],"predecessor-version":[{"id":2027,"href":"https:\/\/www.i9vmconsult.com.br\/index.php?rest_route=\/wp\/v2\/pages\/8\/revisions\/2027"}],"wp:attachment":[{"href":"https:\/\/www.i9vmconsult.com.br\/index.php?rest_route=%2Fwp%2Fv2%2Fmedia&parent=8"}],"curies":[{"name":"wp","href":"https:\/\/api.w.org\/{rel}","templated":true}]}}